{"id":696,"date":"2022-04-26T07:59:19","date_gmt":"2022-04-26T05:59:19","guid":{"rendered":"http:\/\/lechclassicfestival.com.w01e92b9.kasserver.com\/repertoire\/"},"modified":"2026-04-25T23:21:50","modified_gmt":"2026-04-25T21:21:50","slug":"ueber-das-festival","status":"publish","type":"page","link":"https:\/\/www.lechclassicfestival.com\/en\/ueber-das-festival\/","title":{"rendered":"About the Festival"},"content":{"rendered":"<div class=\"wp-block-uagb-container uagb-block-161478f0 alignfull uagb-is-root-container\"><div class=\"uagb-container-inner-blocks-wrap\">\n<div class=\"wp-block-uagb-advanced-heading uagb-block-4ac8e695\"><h1 class=\"uagb-heading-text\">About the Festival<\/h1><\/div>\n\n\n\n<div class=\"wp-block-uagb-container uagb-block-4527df7b alignfull uagb-is-root-container\"><div class=\"uagb-container-inner-blocks-wrap\">\n<div class=\"wp-block-uagb-container uagb-block-af8d9e9e\">\n<div class=\"wp-block-uagb-advanced-heading uagb-block-e6686e02\"><h5 class=\"uagb-heading-text\">The Lech Classic Festival<\/h5><\/div>\n\n\n\n<div class=\"wp-block-uagb-advanced-heading uagb-block-7905a5f9\"><p class=\"uagb-heading-text\">Founded in 2012 by music manager Marlies Wagner, the Lech Classic Festival has enjoyed remarkable success from its very inception. Over the years, it has secured a distinguished position within the international festival landscape. We look back with pride on more than a decade of musical excellence \u2014 and forward with confidence, ever guided by the vision of sharing the transformative power of music with as many people as possible.<\/p><\/div>\n<\/div>\n\n\n\n<div class=\"wp-block-uagb-container uagb-block-ecf05842\">\n<div class=\"wp-block-uagb-image aligncenter uagb-block-804594a6 wp-block-uagb-image--layout-default wp-block-uagb-image--effect-static wp-block-uagb-image--align-center\"><figure class=\"wp-block-uagb-image__figure\"><img decoding=\"async\" srcset=\"https:\/\/www.lechclassicfestival.com\/wp-content\/uploads\/2023\/11\/Marlies_Wagner_Profilbild-300x225.jpg ,https:\/\/www.lechclassicfestival.com\/wp-content\/uploads\/2023\/11\/Marlies_Wagner_Profilbild-scaled.jpg 780w, https:\/\/www.lechclassicfestival.com\/wp-content\/uploads\/2023\/11\/Marlies_Wagner_Profilbild-scaled.jpg 360w\" sizes=\"auto, (max-width: 480px) 150px\" src=\"https:\/\/www.lechclassicfestival.com\/wp-content\/uploads\/2023\/11\/Marlies_Wagner_Profilbild-300x225.jpg\" alt=\"Musikmanagerin Marlies Wagner vor einem Klavierfl\u00fcgel mit Beethovennoten in der Hand.\" class=\"uag-image-2149\" width=\"300\" height=\"225\" title=\"\" loading=\"lazy\" role=\"img\"\/><\/figure><\/div>\n<\/div>\n<\/div><\/div>\n\n\n\n<div class=\"wp-block-uagb-advanced-heading uagb-block-e29981dc\"><p class=\"uagb-heading-text\">At the heart of the festival are its gala concerts \u2014 a series of musical highlights shaped by an overarching artistic concept. The programming reflects both breadth and refinement: alongside major works from the Classical and Romantic periods and choral literature performed by the Festival Choir, we present rarely heard treasures \u2014 works that, for various reasons, seldom find their place in the traditional concert repertoire. Each year, our \"Discoveries\" series brings to light such hidden gems. The repertoire also embraces semi-staged opera performances, chosen for music so compelling that full scenic staging becomes optional.<\/p><\/div>\n\n\n\n<div class=\"wp-block-uagb-container uagb-block-92a36f88 alignfull uagb-is-root-container\"><div class=\"uagb-container-inner-blocks-wrap\">\n<div class=\"wp-block-uagb-container uagb-block-c9254e48\">\n<div class=\"wp-block-uagb-image aligncenter uagb-block-cc974e26 wp-block-uagb-image--layout-default wp-block-uagb-image--effect-static wp-block-uagb-image--align-center\"><figure class=\"wp-block-uagb-image__figure\"><img decoding=\"async\" srcset=\"https:\/\/www.lechclassicfestival.com\/wp-content\/uploads\/2024\/09\/4-Lech-Festival-Orchester-Tetsuro-Ban-c-Michael-Moosbrugger-1024x732.jpg ,https:\/\/www.lechclassicfestival.com\/wp-content\/uploads\/2024\/09\/4-Lech-Festival-Orchester-Tetsuro-Ban-c-Michael-Moosbrugger-scaled.jpg 780w, https:\/\/www.lechclassicfestival.com\/wp-content\/uploads\/2024\/09\/4-Lech-Festival-Orchester-Tetsuro-Ban-c-Michael-Moosbrugger-scaled.jpg 360w\" sizes=\"auto, (max-width: 480px) 150px\" src=\"https:\/\/www.lechclassicfestival.com\/wp-content\/uploads\/2024\/09\/4-Lech-Festival-Orchester-Tetsuro-Ban-c-Michael-Moosbrugger-1024x732.jpg\" alt=\"Lech Classic Festival Orchester 2024 mit Dirigent Tetsuro Ban.\" class=\"uag-image-3100\" width=\"1024\" height=\"732\" title=\"Lech Festival Orchester 2024 mit Dirigent Tetsuro Ban - (c) Michael Moosbrugger\" loading=\"lazy\" role=\"img\"\/><\/figure><\/div>\n<\/div>\n\n\n\n<div class=\"wp-block-uagb-container uagb-block-cc35e036\">\n<div class=\"wp-block-uagb-advanced-heading uagb-block-21708840\"><p class=\"uagb-heading-text\">The Lech Festival Orchestra \u2014 the festival\u2019s musical nucleus \u2014 unites exceptional young professionals from leading orchestras throughout Central Europe. Their artistry, energy, and dedication form the festival\u2019s vibrant heartbeat.<br>Our vocal and instrumental soloists, performing on the world\u2019s great stages, find a home away from home in Lech during festival week. The setting fosters a rare closeness between artists and audience, creating an atmosphere of immediacy and shared inspiration.<\/p><\/div>\n<\/div>\n<\/div><\/div>\n\n\n\n<div class=\"wp-block-uagb-container uagb-block-c54f3887 alignfull uagb-is-root-container\"><div class=\"uagb-container-inner-blocks-wrap\">\n<div class=\"wp-block-uagb-container uagb-block-793d9b47\">\n<div class=\"wp-block-uagb-advanced-heading uagb-block-8037d7b5\"><p class=\"uagb-heading-text\">Nowhere is the unity of music and nature experienced more intensely than here. Framed by the striking spire of its parish church, the tranquil mountain village is nestled amid blooming alpine meadows and the grand panorama of the Arlberg \u2014 a paradise for walkers and lovers of nature alike. Moments of natural beauty precede evenings of world-class music, followed by the delights of Lech\u2019s renowned cuisine. A perfect harmony for all the senses.<\/p><\/div>\n<\/div>\n\n\n\n<div class=\"wp-block-uagb-container uagb-block-c33f11b8\">\n<div class=\"wp-block-uagb-image aligncenter uagb-block-5214c8c2 wp-block-uagb-image--layout-default wp-block-uagb-image--effect-static wp-block-uagb-image--align-center\"><figure class=\"wp-block-uagb-image__figure\"><img decoding=\"async\" srcset=\"https:\/\/www.lechclassicfestival.com\/wp-content\/uploads\/2023\/11\/Fruehling_LZTG_by_Daniel_Zangerl_11-300x200.jpg ,https:\/\/www.lechclassicfestival.com\/wp-content\/uploads\/2023\/11\/Fruehling_LZTG_by_Daniel_Zangerl_11-scaled.jpg 780w, https:\/\/www.lechclassicfestival.com\/wp-content\/uploads\/2023\/11\/Fruehling_LZTG_by_Daniel_Zangerl_11-1024x683.jpg 360w\" sizes=\"auto, (max-width: 480px) 150px\" src=\"https:\/\/www.lechclassicfestival.com\/wp-content\/uploads\/2023\/11\/Fruehling_LZTG_by_Daniel_Zangerl_11-300x200.jpg\" alt=\"\" class=\"uag-image-2226\" width=\"300\" height=\"200\" title=\"\" loading=\"lazy\" role=\"img\"\/><\/figure><\/div>\n<\/div>\n<\/div><\/div>\n<\/div><\/div>\n\n\n\n<section class=\"wp-block-uagb-columns uagb-columns__wrap uagb-columns__background-color uagb-columns__stack-mobile uagb-columns__valign- uagb-columns__gap-10 alignfull uagb-block-ba062751 uagb-columns__columns-5 uagb-columns__max_width-theme\"><div class=\"uagb-columns__overlay\"><\/div><div class=\"uagb-columns__inner-wrap uagb-columns__columns-5\">\n<div class=\"wp-block-uagb-column uagb-column__wrap uagb-column__background-undefined uagb-block-1db38c16\"><div class=\"uagb-column__overlay\"><\/div>\n<div class=\"wp-block-uagb-image uagb-block-590faea3 wp-block-uagb-image--layout-default wp-block-uagb-image--effect-static wp-block-uagb-image--align-none\"><figure class=\"wp-block-uagb-image__figure\"><img decoding=\"async\" srcset=\"https:\/\/www.lechclassicfestival.com\/wp-content\/uploads\/2024\/09\/Lech_Classic_Festival_Ueber-_das_Festival_5-1024x737.jpg ,https:\/\/www.lechclassicfestival.com\/wp-content\/uploads\/2024\/09\/Lech_Classic_Festival_Ueber-_das_Festival_5.jpg 780w, https:\/\/www.lechclassicfestival.com\/wp-content\/uploads\/2024\/09\/Lech_Classic_Festival_Ueber-_das_Festival_5.jpg 360w\" sizes=\"auto, (max-width: 480px) 150px\" src=\"https:\/\/www.lechclassicfestival.com\/wp-content\/uploads\/2024\/09\/Lech_Classic_Festival_Ueber-_das_Festival_5-1024x737.jpg\" alt=\"\" class=\"uag-image-3208\" width=\"1024\" height=\"737\" title=\"Lech_Classic_Festival_\u00dcber _das_Festival_5\" loading=\"lazy\" role=\"img\"\/><\/figure><\/div>\n<\/div>\n\n\n\n<div class=\"wp-block-uagb-column uagb-column__wrap uagb-column__background-undefined uagb-block-ecb32c10\"><div class=\"uagb-column__overlay\"><\/div>\n<div class=\"wp-block-uagb-image uagb-block-6c791a54 wp-block-uagb-image--layout-default wp-block-uagb-image--effect-static wp-block-uagb-image--align-none\"><figure class=\"wp-block-uagb-image__figure\"><img decoding=\"async\" srcset=\"https:\/\/www.lechclassicfestival.com\/wp-content\/uploads\/2024\/09\/Lech_Classic_Festival_Ueber-_das_Festival_1-1024x737.jpg ,https:\/\/www.lechclassicfestival.com\/wp-content\/uploads\/2024\/09\/Lech_Classic_Festival_Ueber-_das_Festival_1.jpg 780w, https:\/\/www.lechclassicfestival.com\/wp-content\/uploads\/2024\/09\/Lech_Classic_Festival_Ueber-_das_Festival_1.jpg 360w\" sizes=\"auto, (max-width: 480px) 150px\" src=\"https:\/\/www.lechclassicfestival.com\/wp-content\/uploads\/2024\/09\/Lech_Classic_Festival_Ueber-_das_Festival_1-1024x737.jpg\" alt=\"\" class=\"uag-image-3212\" width=\"1024\" height=\"737\" title=\"Lech_Classic_Festival_\u00dcber _das_Festival_1\" loading=\"lazy\" role=\"img\"\/><\/figure><\/div>\n<\/div>\n\n\n\n<div class=\"wp-block-uagb-column uagb-column__wrap uagb-column__background-undefined uagb-block-51e1653b\"><div class=\"uagb-column__overlay\"><\/div>\n<div class=\"wp-block-uagb-image uagb-block-e52fa6a6 wp-block-uagb-image--layout-default wp-block-uagb-image--effect-static wp-block-uagb-image--align-none\"><figure class=\"wp-block-uagb-image__figure\"><img decoding=\"async\" srcset=\"https:\/\/www.lechclassicfestival.com\/wp-content\/uploads\/2024\/09\/Lech_Classic_Festival_Ueber-_das_Festival_3-1024x737.jpg ,https:\/\/www.lechclassicfestival.com\/wp-content\/uploads\/2024\/09\/Lech_Classic_Festival_Ueber-_das_Festival_3.jpg 780w, https:\/\/www.lechclassicfestival.com\/wp-content\/uploads\/2024\/09\/Lech_Classic_Festival_Ueber-_das_Festival_3.jpg 360w\" sizes=\"auto, (max-width: 480px) 150px\" src=\"https:\/\/www.lechclassicfestival.com\/wp-content\/uploads\/2024\/09\/Lech_Classic_Festival_Ueber-_das_Festival_3-1024x737.jpg\" alt=\"\" class=\"uag-image-3210\" width=\"851\" height=\"612\" title=\"Lech_Classic_Festival_\u00dcber _das_Festival_3\" loading=\"lazy\" role=\"img\"\/><\/figure><\/div>\n<\/div>\n\n\n\n<div class=\"wp-block-uagb-column uagb-column__wrap uagb-column__background-undefined uagb-block-5958e63f\"><div class=\"uagb-column__overlay\"><\/div>\n<div class=\"wp-block-uagb-image uagb-block-57598056 wp-block-uagb-image--layout-default wp-block-uagb-image--effect-static wp-block-uagb-image--align-none\"><figure class=\"wp-block-uagb-image__figure\"><img decoding=\"async\" srcset=\"https:\/\/www.lechclassicfestival.com\/wp-content\/uploads\/2024\/09\/Lech_Classic_Festival_Ueber-_das_Festival_4-1024x737.jpg ,https:\/\/www.lechclassicfestival.com\/wp-content\/uploads\/2024\/09\/Lech_Classic_Festival_Ueber-_das_Festival_4.jpg 780w, https:\/\/www.lechclassicfestival.com\/wp-content\/uploads\/2024\/09\/Lech_Classic_Festival_Ueber-_das_Festival_4.jpg 360w\" sizes=\"auto, (max-width: 480px) 150px\" src=\"https:\/\/www.lechclassicfestival.com\/wp-content\/uploads\/2024\/09\/Lech_Classic_Festival_Ueber-_das_Festival_4-1024x737.jpg\" alt=\"\" class=\"uag-image-3209\" width=\"858\" height=\"617\" title=\"Lech_Classic_Festival_\u00dcber _das_Festival_4\" loading=\"lazy\" role=\"img\"\/><\/figure><\/div>\n<\/div>\n\n\n\n<div class=\"wp-block-uagb-column uagb-column__wrap uagb-column__background-undefined uagb-block-fa2d09c9\"><div class=\"uagb-column__overlay\"><\/div>\n<div class=\"wp-block-uagb-image uagb-block-6f86296a wp-block-uagb-image--layout-default wp-block-uagb-image--effect-static wp-block-uagb-image--align-none\"><figure class=\"wp-block-uagb-image__figure\"><img decoding=\"async\" srcset=\"https:\/\/www.lechclassicfestival.com\/wp-content\/uploads\/2024\/09\/Cosi-36-c-Peter-Panik-1-1024x768.jpg ,https:\/\/www.lechclassicfestival.com\/wp-content\/uploads\/2024\/09\/Cosi-36-c-Peter-Panik-1-scaled.jpg 780w, https:\/\/www.lechclassicfestival.com\/wp-content\/uploads\/2024\/09\/Cosi-36-c-Peter-Panik-1-scaled.jpg 360w\" sizes=\"auto, (max-width: 480px) 150px\" src=\"https:\/\/www.lechclassicfestival.com\/wp-content\/uploads\/2024\/09\/Cosi-36-c-Peter-Panik-1-1024x768.jpg\" alt=\"\" class=\"uag-image-3206\" width=\"1024\" height=\"768\" title=\"Cos\u00ec 36 - (c) Peter Panik\" loading=\"lazy\" role=\"img\"\/><\/figure><\/div>\n<\/div>\n<\/div><\/section>","protected":false},"excerpt":{"rendered":"<p>\u00dcber das Festival Das Lech Classic Festival\u200b wurde 2012 von der Musikmanagerin Marlies Wagner gegr\u00fcndet und ist von Anbeginn eine Erfolgsgeschichte. Das Lech Classic Festival hat sich in der Festivallandschaft l\u00e4ngst einen fixen Platz erobert und wir k\u00f6nnen mit ehrlicher Freude auf bereits mehr als 10 erfolgreiche Jahre zur\u00fcckblicken. Gleichzeitig k\u00f6nnen wir zuversichtlich in die &hellip;<\/p>\n<p class=\"read-more\"> <a class=\"\" href=\"https:\/\/www.lechclassicfestival.com\/en\/ueber-das-festival\/\"> <span class=\"screen-reader-text\">About the Festival<\/span> Read More &raquo;<\/a><\/p>","protected":false},"author":2,"featured_media":0,"parent":0,"menu_order":0,"comment_status":"closed","ping_status":"closed","template":"","meta":{"_seopress_robots_primary_cat":"","_seopress_titles_title":"\u00dcber das Festival | Lech Classic Festival","_seopress_titles_desc":"Eine Erfolgsgeschichte seit 2012. Internationale K\u00fcnstler, musikalische Vielfalt & einzigartige Konzerterlebnisse in Lech am Arlberg.","_seopress_robots_index":"","_seopress_analysis_target_kw":"","_uag_custom_page_level_css":"","site-sidebar-layout":"default","site-content-layout":"plain-container","ast-site-content-layout":"normal-width-container","site-content-style":"unboxed","site-sidebar-style":"default","ast-global-header-display":"","ast-banner-title-visibility":"","ast-main-header-display":"","ast-hfb-above-header-display":"","ast-hfb-below-header-display":"","ast-hfb-mobile-header-display":"","site-post-title":"disabled","ast-breadcrumbs-content":"","ast-featured-img":"disabled","footer-sml-layout":"","theme-transparent-header-meta":"enabled","adv-header-id-meta":"","stick-header-meta":"","header-above-stick-meta":"","header-main-stick-meta":"","header-below-stick-meta":"","astra-migrate-meta-layouts":"set","ast-page-background-enabled":"default","ast-page-background-meta":{"desktop":{"background-color":"","background-image":"","background-repeat":"repeat","background-position":"center center","background-size":"auto","background-attachment":"scroll","background-type":"","background-media":"","overlay-type":"","overlay-color":"","overlay-gradient":""},"tablet":{"background-color":"","background-image":"","background-repeat":"repeat","background-position":"center center","background-size":"auto","background-attachment":"scroll","background-type":"","background-media":"","overlay-type":"","overlay-color":"","overlay-gradient":""},"mobile":{"background-color":"","background-image":"","background-repeat":"repeat","background-position":"center center","background-size":"auto","background-attachment":"scroll","background-type":"","background-media":"","overlay-type":"","overlay-color":"","overlay-gradient":""}},"ast-content-background-meta":{"desktop":{"background-color":"var(--ast-global-color-5)","background-image":"","background-repeat":"repeat","background-position":"center center","background-size":"auto","background-attachment":"scroll","background-type":"","background-media":"","overlay-type":"","overlay-color":"","overlay-gradient":""},"tablet":{"background-color":"var(--ast-global-color-5)","background-image":"","background-repeat":"repeat","background-position":"center center","background-size":"auto","background-attachment":"scroll","background-type":"","background-media":"","overlay-type":"","overlay-color":"","overlay-gradient":""},"mobile":{"background-color":"var(--ast-global-color-5)","background-image":"","background-repeat":"repeat","background-position":"center center","background-size":"auto","background-attachment":"scroll","background-type":"","background-media":"","overlay-type":"","overlay-color":"","overlay-gradient":""}},"iawp_total_views":1913,"footnotes":""},"class_list":["post-696","page","type-page","status-publish","hentry"],"uagb_featured_image_src":{"full":false,"thumbnail":false,"medium":false,"medium_large":false,"large":false,"1536x1536":false,"2048x2048":false,"trp-custom-language-flag":false},"uagb_author_info":{"display_name":"Marie Jedina","author_link":"https:\/\/www.lechclassicfestival.com\/en\/author\/marie\/"},"uagb_comment_info":0,"uagb_excerpt":"\u00dcber das Festival Das Lech Classic Festival\u200b wurde 2012 von der Musikmanagerin Marlies Wagner gegr\u00fcndet und ist von Anbeginn eine Erfolgsgeschichte. Das Lech Classic Festival hat sich in der Festivallandschaft l\u00e4ngst einen fixen Platz erobert und wir k\u00f6nnen mit ehrlicher Freude auf bereits mehr als 10 erfolgreiche Jahre zur\u00fcckblicken. Gleichzeitig k\u00f6nnen wir zuversichtlich in die&hellip;","_links":{"self":[{"href":"https:\/\/www.lechclassicfestival.com\/en\/wp-json\/wp\/v2\/pages\/696","targetHints":{"allow":["GET"]}}],"collection":[{"href":"https:\/\/www.lechclassicfestival.com\/en\/wp-json\/wp\/v2\/pages"}],"about":[{"href":"https:\/\/www.lechclassicfestival.com\/en\/wp-json\/wp\/v2\/types\/page"}],"author":[{"embeddable":true,"href":"https:\/\/www.lechclassicfestival.com\/en\/wp-json\/wp\/v2\/users\/2"}],"replies":[{"embeddable":true,"href":"https:\/\/www.lechclassicfestival.com\/en\/wp-json\/wp\/v2\/comments?post=696"}],"version-history":[{"count":9,"href":"https:\/\/www.lechclassicfestival.com\/en\/wp-json\/wp\/v2\/pages\/696\/revisions"}],"predecessor-version":[{"id":3544,"href":"https:\/\/www.lechclassicfestival.com\/en\/wp-json\/wp\/v2\/pages\/696\/revisions\/3544"}],"wp:attachment":[{"href":"https:\/\/www.lechclassicfestival.com\/en\/wp-json\/wp\/v2\/media?parent=696"}],"curies":[{"name":"wp","href":"https:\/\/api.w.org\/{rel}","templated":true}]}}