{"id":3235,"date":"2024-12-30T07:29:11","date_gmt":"2024-12-30T06:29:11","guid":{"rendered":"https:\/\/www.lechclassicfestival.com\/?page_id=3235"},"modified":"2026-02-08T21:32:17","modified_gmt":"2026-02-08T20:32:17","slug":"sonntag-2-august-2026","status":"publish","type":"page","link":"https:\/\/www.lechclassicfestival.com\/en\/programm\/sonntag-2-august-2026\/","title":{"rendered":"Sunday, 2 August 2026"},"content":{"rendered":"<div class=\"wp-block-uagb-container uagb-block-a36fe2cf alignfull uagb-is-root-container\"><div class=\"uagb-container-inner-blocks-wrap\">\n<div class=\"wp-block-uagb-advanced-heading uagb-block-86d9f67d\"><p class=\"uagb-heading-text\">Sunday, 2 August 2026, 5:00 p.m., Lechwelten<\/p><\/div>\n<\/div><\/div>\n\n\n\n<div class=\"wp-block-uagb-container uagb-block-fbcf80de alignfull uagb-is-root-container\"><div class=\"uagb-container-inner-blocks-wrap\">\n<div class=\"wp-block-uagb-advanced-heading uagb-block-fe267757\"><h1 class=\"uagb-heading-text\">Opening Gala<br><\/h1><\/div>\n<\/div><\/div>\n\n\n\n<div class=\"wp-block-uagb-container uagb-block-8c2d4f0a alignfull uagb-is-root-container\"><div class=\"uagb-container-inner-blocks-wrap\">\n<p class=\"has-text-align-center\"><strong>Joseph Haydn (1732-1809)<\/strong><br>\u201cMenuetto e trio, Allegretto\u201d from Symphony No. 97 in C major, Hob. I:97<br><strong>Lech Festival Orchestra<\/strong><\/p>\n\n\n\n<p class=\"has-text-align-center\"><strong>Giuseppe Verdi (1813-1901)<br><\/strong>\u201eDi Provenza il mar, il suol\u201c<br>Aria of Giorgio Germont from the opera La Traviata<br><strong>Domen Kri\u017eaj \u2013 Baritone<\/strong><\/p>\n\n\n\n<p class=\"has-text-align-center\"><strong>Giacomo Puccini (1858-1924)<br><\/strong>\u201eQuando me\u2019n vo\u201d<br>Musetta\u2019s Waltz from the opera La Boh\u00e8me<br><strong>Sl\u00e1vka Z\u00e1me\u010dn\u00edkov\u00e1 \u2013 Soprano<\/strong><\/p>\n\n\n\n<p class=\"has-text-align-center\"><strong>Giuseppe Verdi (1813-1901)<br><\/strong>\u201eSon io mio Carlo\u2026 Per me giunto\u201d<br>\u201eO Carlo, ascolta\u2026 lo morr\u00f3\u201d<br>Aria and death of Marquis Posa from the opera Don Carlo<br><strong>Domen Kri\u017eaj \u2013 Baritone<\/strong><\/p>\n\n\n\n<p class=\"has-text-align-center\"><strong>Charles Gounod (1818-1893)<br><\/strong>\u201eL\u2019amour, l\u2018amour! \u2026 Ah! L\u00e8ve-toi, soleil!\u201d<br>Cavatina of Rom\u00e9o from the opera Rom\u00e9o et Juliette<br><strong>Pavel Kolgatin \u2013 Tenor<\/strong><\/p>\n\n\n\n<p class=\"has-text-align-center\">\u201eAvant de quitter ces lieux\u201c<br>Prayer of Valentin from the opera Faust<br><strong>Domen Kri\u017eaj \u2013 Baritone<\/strong><\/p>\n\n\n\n<p class=\"has-text-align-center\"><strong>Georges Bizet (1838-1875)<br><\/strong>\u201ePr\u00e8s des remparts de S\u00e9ville\u201c<br>Seguidilla of Carmen from the opera Carmen<br><strong>\u0160t\u011bp\u00e1nka Pu\u010d\u00e1lkov\u00e1 \u2013 Mezzo-soprano<\/strong><\/p>\n\n\n\n<p class=\"has-text-align-center\">\u201eLes dragons d\u2019Alcala\u201c<br>Entr\u2019acte from the opera Carmen<br><strong>Lech Festival Orchestra<\/strong><\/p>\n\n\n\n<p class=\"has-text-align-center\">\u201eLes tringles des sistres tintaient\u201c<br>Chanson Boh\u00e8me of Carmen from the opera Carmen<br><strong>\u0160t\u011bp\u00e1nka Pu\u010d\u00e1lkov\u00e1 \u2013 Mezzo-soprano<\/strong><\/p>\n\n\n\n<p class=\"has-text-align-center\">\u201eAu fond du temple saint\u201c<br>Duet Nadir\/Zurga from the opera Les p\u00eacheurs de perles<br><strong>Pavel Kolgatin \u2013 Tenor<br>Domen Kri\u017eaj \u2013 Baritone<\/strong><\/p>\n\n\n\n<p class=\"has-text-align-center\"><strong>Intermission<\/strong><\/p>\n\n\n\n<p class=\"has-text-align-center\"><strong>Bed\u0159ich Smetana (1824-1884)<br><\/strong>\u201cDance of the Comedians\u201d from the comic opera The Bartered Bride<br><strong>Lech Festival Orchestra<\/strong><\/p>\n\n\n\n<p class=\"has-text-align-center\">\u201cAlone at last\u2026 How strange and still everything around me is\u201d<br>Recitative and aria of Marie from the comic opera The Bartered Bride<br><strong>Sl\u00e1vka Z\u00e1me\u010dn\u00edkov\u00e1 \u2013 Soprano<\/strong><\/p>\n\n\n\n<p class=\"has-text-align-center\"><strong>Antonin Dvo\u0159\u00e1k (1841-1904)<br><\/strong>Concerto for Violin and Orchestra in A minor, Op. 53<br>Allegro ma non troppo \u2013 Adagio ma non troppo \u2013 Finale: Allegro giocoso, ma non troppo<br><strong>Dalibor Karvay \u2013 Violin<\/strong><\/p>\n\n\n\n<p class=\"has-text-align-center\"><strong>Lech Festival Orchestra<br>Musical Direction: Tetsuro Ban<\/strong><\/p>\n<\/div><\/div>\n\n\n\n<div class=\"wp-block-uagb-container uagb-block-9f815f1b alignfull uagb-is-root-container\"><div class=\"uagb-container-inner-blocks-wrap\"><\/div><\/div>","protected":false},"excerpt":{"rendered":"<p>Sonntag, 2. August 2026 | 17:00 UHR | Konzertsaal in den Lechwelten Er\u00f6ffnungsgala Joseph Haydn (1732-1809)\u201eMenuetto \u2013 Trio\u201c aus der Sinfonie Nr. 97 in C-Dur Hob.I:97Lech Festival Orchester Giuseppe Verdi (1813-1901)\u201eDi Provenza il mar, il suol\u201cArie des Giorgio Germont aus der Oper \u201eLa Traviata\u201cDomen Kri\u017eaj \u2013 Bariton Giacomo Puccini (1858-1924)\u201eQuando me\u2019n vo\u201dWalzer der Musetta aus &hellip;<\/p>\n<p class=\"read-more\"> <a class=\"\" href=\"https:\/\/www.lechclassicfestival.com\/en\/programm\/sonntag-2-august-2026\/\"> <span class=\"screen-reader-text\">Sunday, 2 August 2026<\/span> Read More &raquo;<\/a><\/p>","protected":false},"author":2,"featured_media":0,"parent":1937,"menu_order":0,"comment_status":"closed","ping_status":"closed","template":"","meta":{"_seopress_robots_primary_cat":"","_seopress_titles_title":"","_seopress_titles_desc":"","_seopress_robots_index":"","_seopress_analysis_target_kw":"","_uag_custom_page_level_css":"","site-sidebar-layout":"default","site-content-layout":"","ast-site-content-layout":"default","site-content-style":"default","site-sidebar-style":"default","ast-global-header-display":"","ast-banner-title-visibility":"","ast-main-header-display":"","ast-hfb-above-header-display":"","ast-hfb-below-header-display":"","ast-hfb-mobile-header-display":"","site-post-title":"disabled","ast-breadcrumbs-content":"","ast-featured-img":"","footer-sml-layout":"","theme-transparent-header-meta":"","adv-header-id-meta":"","stick-header-meta":"","header-above-stick-meta":"","header-main-stick-meta":"","header-below-stick-meta":"","astra-migrate-meta-layouts":"set","ast-page-background-enabled":"default","ast-page-background-meta":{"desktop":{"background-color":"","background-image":"","background-repeat":"repeat","background-position":"center center","background-size":"auto","background-attachment":"scroll","background-type":"","background-media":"","overlay-type":"","overlay-color":"","overlay-gradient":""},"tablet":{"background-color":"","background-image":"","background-repeat":"repeat","background-position":"center center","background-size":"auto","background-attachment":"scroll","background-type":"","background-media":"","overlay-type":"","overlay-color":"","overlay-gradient":""},"mobile":{"background-color":"","background-image":"","background-repeat":"repeat","background-position":"center center","background-size":"auto","background-attachment":"scroll","background-type":"","background-media":"","overlay-type":"","overlay-color":"","overlay-gradient":""}},"ast-content-background-meta":{"desktop":{"background-color":"var(--ast-global-color-5)","background-image":"","background-repeat":"repeat","background-position":"center center","background-size":"auto","background-attachment":"scroll","background-type":"","background-media":"","overlay-type":"","overlay-color":"","overlay-gradient":""},"tablet":{"background-color":"var(--ast-global-color-5)","background-image":"","background-repeat":"repeat","background-position":"center center","background-size":"auto","background-attachment":"scroll","background-type":"","background-media":"","overlay-type":"","overlay-color":"","overlay-gradient":""},"mobile":{"background-color":"var(--ast-global-color-5)","background-image":"","background-repeat":"repeat","background-position":"center center","background-size":"auto","background-attachment":"scroll","background-type":"","background-media":"","overlay-type":"","overlay-color":"","overlay-gradient":""}},"iawp_total_views":3689,"footnotes":""},"class_list":["post-3235","page","type-page","status-publish","hentry"],"uagb_featured_image_src":{"full":false,"thumbnail":false,"medium":false,"medium_large":false,"large":false,"1536x1536":false,"2048x2048":false,"trp-custom-language-flag":false},"uagb_author_info":{"display_name":"Marie Jedina","author_link":"https:\/\/www.lechclassicfestival.com\/en\/author\/marie\/"},"uagb_comment_info":0,"uagb_excerpt":"Sonntag, 2. August 2026 | 17:00 UHR | Konzertsaal in den Lechwelten Er\u00f6ffnungsgala Joseph Haydn (1732-1809)\u201eMenuetto \u2013 Trio\u201c aus der Sinfonie Nr. 97 in C-Dur Hob.I:97Lech Festival Orchester Giuseppe Verdi (1813-1901)\u201eDi Provenza il mar, il suol\u201cArie des Giorgio Germont aus der Oper \u201eLa Traviata\u201cDomen Kri\u017eaj \u2013 Bariton Giacomo Puccini (1858-1924)\u201eQuando me\u2019n vo\u201dWalzer der Musetta aus&hellip;","_links":{"self":[{"href":"https:\/\/www.lechclassicfestival.com\/en\/wp-json\/wp\/v2\/pages\/3235","targetHints":{"allow":["GET"]}}],"collection":[{"href":"https:\/\/www.lechclassicfestival.com\/en\/wp-json\/wp\/v2\/pages"}],"about":[{"href":"https:\/\/www.lechclassicfestival.com\/en\/wp-json\/wp\/v2\/types\/page"}],"author":[{"embeddable":true,"href":"https:\/\/www.lechclassicfestival.com\/en\/wp-json\/wp\/v2\/users\/2"}],"replies":[{"embeddable":true,"href":"https:\/\/www.lechclassicfestival.com\/en\/wp-json\/wp\/v2\/comments?post=3235"}],"version-history":[{"count":10,"href":"https:\/\/www.lechclassicfestival.com\/en\/wp-json\/wp\/v2\/pages\/3235\/revisions"}],"predecessor-version":[{"id":4354,"href":"https:\/\/www.lechclassicfestival.com\/en\/wp-json\/wp\/v2\/pages\/3235\/revisions\/4354"}],"up":[{"embeddable":true,"href":"https:\/\/www.lechclassicfestival.com\/en\/wp-json\/wp\/v2\/pages\/1937"}],"wp:attachment":[{"href":"https:\/\/www.lechclassicfestival.com\/en\/wp-json\/wp\/v2\/media?parent=3235"}],"curies":[{"name":"wp","href":"https:\/\/api.w.org\/{rel}","templated":true}]}}