{"id":2946,"date":"2024-07-21T18:39:57","date_gmt":"2024-07-21T16:39:57","guid":{"rendered":"https:\/\/www.lechclassicfestival.com\/?page_id=2946"},"modified":"2026-02-08T21:09:33","modified_gmt":"2026-02-08T20:09:33","slug":"partnerbetriebe","status":"publish","type":"page","link":"https:\/\/www.lechclassicfestival.com\/en\/sponsoring\/partnerbetriebe\/","title":{"rendered":"Partner Businesses"},"content":{"rendered":"<div class=\"wp-block-uagb-container uagb-block-f296f411 alignfull uagb-is-root-container\"><div class=\"uagb-container-inner-blocks-wrap\">\n<div class=\"wp-block-uagb-advanced-heading uagb-block-d2859bd4\"><h1 class=\"uagb-heading-text\">Partner Businesses<\/h1><\/div>\n\n\n\n<div class=\"wp-block-uagb-advanced-heading uagb-block-3fa6f3d9\"><h5 class=\"uagb-heading-text\"><strong>Our sincere appreciation goes to Lech\u2019s partner establishments for warmly hosting our orchestral musicians, choir members, and soloists.<\/strong><\/h5><\/div>\n<\/div><\/div>\n\n\n\n<div class=\"wp-block-uagb-container uagb-block-6781d95a alignfull uagb-is-root-container\"><div class=\"uagb-container-inner-blocks-wrap\">\n<div class=\"wp-block-uagb-container uagb-block-51df9335\">\n<p>HOTEL ALPENLAND<br><a href=\"http:\/\/www.alpenland-lech.com\" target=\"_blank\" rel=\"noreferrer noopener\">www.alpenland-lech.com<\/a><\/p>\n\n\n\n<p>ALPINA LECH<br><a href=\"http:\/\/www.alpina-lech.at\/\" target=\"_blank\" rel=\"noreferrer noopener\">www.alpina-lech.at<\/a><\/p>\n\n\n\n<p>HOTEL ARABELL<br><a href=\"https:\/\/arabell-lech.at\/\" target=\"_blank\" rel=\"noreferrer noopener\">www.arabell-lech.at<\/a><\/p>\n\n\n\n<p>HOTEL ARLBERG<br><a href=\"http:\/\/www.arlberghotel.at\">www.arlberghotel.at<\/a><\/p>\n\n\n\n<p>HOTEL AURORA<br><a href=\"http:\/\/www.aurora-lech.com\">www.aurora-lech.com<\/a><\/p>\n\n\n\n<p>HOTEL AUSTRIA<br><a href=\"http:\/\/www.hotelaustria.com\" target=\"_blank\" rel=\"noreferrer noopener\">www.hotelaustria.com<\/a><\/p>\n\n\n\n<p>HOTEL BERGHEIM<br><a href=\"https:\/\/hotel-bergheim.at\/\">www.hotel-<\/a><a href=\"https:\/\/hotel-bergheim.at\/\" target=\"_blank\" rel=\"noreferrer noopener\">bergheim<\/a><a href=\"https:\/\/hotel-bergheim.at\/\">.at<\/a><\/p>\n\n\n\n<p>DER BERGHOF<br><a href=\"https:\/\/www.derberghof.at\/sommer-highlights\/art-and-culture\" target=\"_blank\" rel=\"noreferrer noopener\">www.derberghof.at<\/a><\/p>\n\n\n\n<p>HOTEL-PENSION BIANCA<br><a href=\"https:\/\/hotel-pension-lech.at\" target=\"_blank\" rel=\"noreferrer noopener\">www.hotel-pension-lech.at<\/a><\/p>\n\n\n\n<p>HAUS BRAUNARL<br><a href=\"http:\/\/www.braunarl.com\/\" target=\"_blank\" rel=\"noreferrer noopener\">www.braunarl.com<\/a><\/p>\n\n\n\n<p>BURG HOTEL<br><a href=\"http:\/\/www.burghotel-lech.com\" target=\"_blank\" rel=\"noreferrer noopener\">www.burghotel-lech.com<\/a><\/p>\n\n\n\n<p>BURG VITAL RESORT<br><a href=\"http:\/\/www.burgvitalresort.com\" target=\"_blank\" rel=\"noreferrer noopener\">www.burgvitalresort.com<\/a><\/p>\n\n\n\n<p>PENSION CAF\u00c9 FRITZ<br><a href=\"http:\/\/www.cafe-fritz.at\/\" target=\"_blank\" rel=\"noreferrer noopener\">www.cafe-fritz.at<\/a><\/p>\n\n\n\n<p>&nbsp;PENSION DANIEL<br><a href=\"http:\/\/www.pension-daniel.at\/\" target=\"_blank\" rel=\"noreferrer noopener\">www.pension-daniel.at<\/a><\/p>\n<\/div>\n\n\n\n<div class=\"wp-block-uagb-container uagb-block-b9c29593\">\n<p>FERNSICHT ALPEN-APARTMENTS<br><a href=\"https:\/\/www.fernsicht-lech.at\/\" target=\"_blank\" rel=\"noreferrer noopener\">www.fernsicht-lech.at<\/a><\/p>\n\n\n\n<p>HOTEL GOLDENER BERG<br><a href=\"http:\/\/www.goldenerberg.at\" target=\"_blank\" rel=\"noreferrer noopener\">www.goldenerberg.at<\/a><\/p>\n\n\n\n<p>HOTEL GOTTHARD<br><a href=\"http:\/\/www.gotthard.at\" target=\"_blank\" rel=\"noreferrer noopener\">www.goldenerberg.at<\/a><\/p>\n\n\n\n<p>HOTEL HALDENHOF<br><a href=\"http:\/\/www.haldenhof.at\" target=\"_blank\" rel=\"noreferrer noopener\">www.haldenhof.at<\/a><\/p>\n\n\n\n<p>PENSION HASENFLUH<br><a href=\"http:\/\/www.hasenfluh.at\/\" target=\"_blank\" rel=\"noreferrer noopener\">www.hasenfluh.at<\/a><\/p>\n\n\n\n<p>HOTEL HUBERTUS<br><a href=\"https:\/\/www.hubertus-lech.com\" target=\"_blank\" rel=\"noreferrer noopener\">www.hubertus-lech.com<\/a><\/p>\n\n\n\n<p>HUS NR. 8<br><a href=\"http:\/\/www.hus8.at\" target=\"_blank\" rel=\"noreferrer noopener\">www.hus8.at<\/a><\/p>\n\n\n\n<p>PENSION KIRCHBLICK<br><a href=\"http:\/\/www.kirchblick.at\/\" target=\"_blank\" rel=\"noreferrer noopener\">www.kirchblick.at<\/a><\/p>\n\n\n\n<p>KNAPPABODA APPART HOTEL<br><a href=\"https:\/\/knappaboda.com\/\" target=\"_blank\" rel=\"noreferrer noopener\">www.knappaboda.com<\/a><\/p>\n\n\n\n<p>HOTEL L\u00c4RCHENHOF<br><a href=\"http:\/\/www.laerchenhof-lech.at\/\" target=\"_blank\" rel=\"noreferrer noopener\">www.laerchenhof-lech.at<\/a><\/p>\n\n\n\n<p>LECH LODGE<br><a href=\"http:\/\/www.chalet-lech.com\/\" target=\"_blank\" rel=\"noreferrer noopener\">www.chalet-lech.com<\/a><\/p>\n\n\n\n<p>APART-HOTEL LAURUS<br><a href=\"https:\/\/www.laurus.at\/\" target=\"_blank\" rel=\"noreferrer noopener\">www.laurus.at<\/a><\/p>\n\n\n\n<p>ROMANTIK HOTEL KRONE<br><a href=\"http:\/\/www.romantikhotelkrone-lech.at\" target=\"_blank\" rel=\"noreferrer noopener\">www.romantikhotelkrone-lech.at<\/a><\/p>\n\n\n\n<p>MATS LECH ALPENQUARTIER<br><a href=\"http:\/\/www.mats-lech.at\" target=\"_blank\" rel=\"noreferrer noopener\">www.mats-lech.at<\/a><\/p>\n<\/div>\n\n\n\n<div class=\"wp-block-uagb-container uagb-block-c4cb7dbb\">\n<p>HAUS MELITTA<br><a href=\"https:\/\/www.melitta-lech.at\" target=\"_blank\" rel=\"noreferrer noopener\">www.melitta-lech.at<\/a><\/p>\n\n\n\n<p>HOTEL PENSION MONTFORT<br><a href=\"http:\/\/www.montfort-lech.at\/\" target=\"_blank\" rel=\"noreferrer noopener\">www.montfort-lech.at<\/a><\/p>\n\n\n\n<p>PFEFFERKORN\u2019S HOTEL<br><a href=\"http:\/\/www.pfefferkorns.net\" target=\"_blank\" rel=\"noreferrer noopener\">www.pfefferkorns.net<\/a><\/p>\n\n\n\n<p>HOTEL GASTHOF POST<br><a href=\"http:\/\/www.postlech.com\" target=\"_blank\" rel=\"noreferrer noopener\">www.postlech.com<\/a><\/p>\n\n\n\n<p>HOTEL ROGGAL<br><a href=\"http:\/\/www.roggal.com\" target=\"_blank\" rel=\"noreferrer noopener\">www.roggal.com<\/a><\/p>\n\n\n\n<p>HOTEL ROTE WAND<br><a href=\"http:\/\/www.rotewand.com\" target=\"_blank\" rel=\"noreferrer noopener\">www.rotewand.com<\/a><\/p>\n\n\n\n<p>HOTEL SANDHOF<br><a href=\"http:\/\/www.sandhof.at\" target=\"_blank\" rel=\"noreferrer noopener\">www.sandhof.at<\/a><\/p>\n\n\n\n<p>HOTEL GARNI SURSILVA<br><a href=\"http:\/\/www.hotel-sursilva.at\/\" target=\"_blank\" rel=\"noreferrer noopener\">www.hotel-sursilva.at<\/a><\/p>\n\n\n\n<p>HOTEL GARNI SCHNEIDER <a href=\"http:\/\/www.schneider-lech.at\" target=\"_blank\" rel=\"noreferrer noopener\">www.schneider-lech.at<\/a><\/p>\n\n\n\n<p>SKIH\u00dcTTE SCHNEGGAREI<br><a href=\"http:\/\/www.schneggarei.at\/\" target=\"_blank\" rel=\"noreferrer noopener\">www.schneggarei.at<\/a><\/p>\n\n\n\n<p>HOTEL TANNBERGERHOF<br><a href=\"http:\/\/www.tannbergerhof.com\" target=\"_blank\" rel=\"noreferrer noopener\">www.tannbergerhof.com<\/a><\/p>\n\n\n\n<p>PENSION WALKERBACH<br><a href=\"http:\/\/www.walkerbach.at\" target=\"_blank\" rel=\"noreferrer noopener\">www.walkerbach.at<\/a><\/p>\n\n\n\n<p>PENSION WALSERHEIM<br><a href=\"http:\/\/www.walserheim.at\/\" target=\"_blank\" rel=\"noreferrer noopener\">www.walserheim.at<\/a><\/p>\n\n\n\n<p>PENSION WIDDERSTEIN<br><a href=\"http:\/\/www.widderstein-lech.at\/\" target=\"_blank\" rel=\"noreferrer noopener\">www.widderstein-lech.at<\/a><\/p>\n<\/div>\n<\/div><\/div>","protected":false},"excerpt":{"rendered":"<p>Partnerbetriebe Wir danken den Lecher Partnerbetrieben f\u00fcr die gro\u00dfz\u00fcgige Aufnahme unserer OrchestermusikerInnen, Chors\u00e4ngerInnen und SolistInnen in ihrem Haus. HOTEL ALPENLANDwww.alpenland-lech.com ALPINA LECHwww.alpina-lech.at HOTEL ARABELLwww.arabell-lech.at HOTEL ARLBERGwww.arlberghotel.at HOTEL AURORAwww.aurora-lech.com HOTEL AUSTRIAwww.hotelaustria.com HOTEL BERGHEIMwww.hotel-bergheim.at DER BERGHOFwww.derberghof.at HOTEL-PENSION BIANCAwww.hotel-pension-lech.at HAUS BRAUNARLwww.braunarl.com BURG HOTELwww.burghotel-lech.com BURG VITAL RESORTwww.burgvitalresort.com PENSION CAF\u00c9 FRITZwww.cafe-fritz.at &nbsp;PENSION DANIELwww.pension-daniel.at FERNSICHT ALPEN-APARTMENTSwww.fernsicht-lech.at HOTEL GOLDENER BERGwww.goldenerberg.at HOTEL GOTTHARDwww.goldenerberg.at &hellip;<\/p>\n<p class=\"read-more\"> <a class=\"\" href=\"https:\/\/www.lechclassicfestival.com\/en\/sponsoring\/partnerbetriebe\/\"> <span class=\"screen-reader-text\">Partner Businesses<\/span> Read More &raquo;<\/a><\/p>","protected":false},"author":2,"featured_media":0,"parent":1978,"menu_order":0,"comment_status":"closed","ping_status":"closed","template":"","meta":{"_seopress_robots_primary_cat":"","_seopress_titles_title":"","_seopress_titles_desc":"","_seopress_robots_index":"","_seopress_analysis_target_kw":"","_uag_custom_page_level_css":"","site-sidebar-layout":"default","site-content-layout":"","ast-site-content-layout":"normal-width-container","site-content-style":"unboxed","site-sidebar-style":"default","ast-global-header-display":"","ast-banner-title-visibility":"","ast-main-header-display":"","ast-hfb-above-header-display":"","ast-hfb-below-header-display":"","ast-hfb-mobile-header-display":"","site-post-title":"disabled","ast-breadcrumbs-content":"","ast-featured-img":"","footer-sml-layout":"","theme-transparent-header-meta":"","adv-header-id-meta":"","stick-header-meta":"","header-above-stick-meta":"","header-main-stick-meta":"","header-below-stick-meta":"","astra-migrate-meta-layouts":"set","ast-page-background-enabled":"default","ast-page-background-meta":{"desktop":{"background-color":"","background-image":"","background-repeat":"repeat","background-position":"center center","background-size":"auto","background-attachment":"scroll","background-type":"","background-media":"","overlay-type":"","overlay-color":"","overlay-gradient":""},"tablet":{"background-color":"","background-image":"","background-repeat":"repeat","background-position":"center center","background-size":"auto","background-attachment":"scroll","background-type":"","background-media":"","overlay-type":"","overlay-color":"","overlay-gradient":""},"mobile":{"background-color":"","background-image":"","background-repeat":"repeat","background-position":"center center","background-size":"auto","background-attachment":"scroll","background-type":"","background-media":"","overlay-type":"","overlay-color":"","overlay-gradient":""}},"ast-content-background-meta":{"desktop":{"background-color":"var(--ast-global-color-5)","background-image":"","background-repeat":"repeat","background-position":"center center","background-size":"auto","background-attachment":"scroll","background-type":"","background-media":"","overlay-type":"","overlay-color":"","overlay-gradient":""},"tablet":{"background-color":"var(--ast-global-color-5)","background-image":"","background-repeat":"repeat","background-position":"center center","background-size":"auto","background-attachment":"scroll","background-type":"","background-media":"","overlay-type":"","overlay-color":"","overlay-gradient":""},"mobile":{"background-color":"var(--ast-global-color-5)","background-image":"","background-repeat":"repeat","background-position":"center center","background-size":"auto","background-attachment":"scroll","background-type":"","background-media":"","overlay-type":"","overlay-color":"","overlay-gradient":""}},"iawp_total_views":255,"footnotes":""},"class_list":["post-2946","page","type-page","status-publish","hentry"],"uagb_featured_image_src":{"full":false,"thumbnail":false,"medium":false,"medium_large":false,"large":false,"1536x1536":false,"2048x2048":false,"trp-custom-language-flag":false},"uagb_author_info":{"display_name":"Marie Jedina","author_link":"https:\/\/www.lechclassicfestival.com\/en\/author\/marie\/"},"uagb_comment_info":0,"uagb_excerpt":"Partnerbetriebe Wir danken den Lecher Partnerbetrieben f\u00fcr die gro\u00dfz\u00fcgige Aufnahme unserer OrchestermusikerInnen, Chors\u00e4ngerInnen und SolistInnen in ihrem Haus. HOTEL ALPENLANDwww.alpenland-lech.com ALPINA LECHwww.alpina-lech.at HOTEL ARABELLwww.arabell-lech.at HOTEL ARLBERGwww.arlberghotel.at HOTEL AURORAwww.aurora-lech.com HOTEL AUSTRIAwww.hotelaustria.com HOTEL BERGHEIMwww.hotel-bergheim.at DER BERGHOFwww.derberghof.at HOTEL-PENSION BIANCAwww.hotel-pension-lech.at HAUS BRAUNARLwww.braunarl.com BURG HOTELwww.burghotel-lech.com BURG VITAL RESORTwww.burgvitalresort.com PENSION CAF\u00c9 FRITZwww.cafe-fritz.at &nbsp;PENSION DANIELwww.pension-daniel.at FERNSICHT ALPEN-APARTMENTSwww.fernsicht-lech.at HOTEL GOLDENER BERGwww.goldenerberg.at HOTEL GOTTHARDwww.goldenerberg.at&hellip;","_links":{"self":[{"href":"https:\/\/www.lechclassicfestival.com\/en\/wp-json\/wp\/v2\/pages\/2946","targetHints":{"allow":["GET"]}}],"collection":[{"href":"https:\/\/www.lechclassicfestival.com\/en\/wp-json\/wp\/v2\/pages"}],"about":[{"href":"https:\/\/www.lechclassicfestival.com\/en\/wp-json\/wp\/v2\/types\/page"}],"author":[{"embeddable":true,"href":"https:\/\/www.lechclassicfestival.com\/en\/wp-json\/wp\/v2\/users\/2"}],"replies":[{"embeddable":true,"href":"https:\/\/www.lechclassicfestival.com\/en\/wp-json\/wp\/v2\/comments?post=2946"}],"version-history":[{"count":10,"href":"https:\/\/www.lechclassicfestival.com\/en\/wp-json\/wp\/v2\/pages\/2946\/revisions"}],"predecessor-version":[{"id":4345,"href":"https:\/\/www.lechclassicfestival.com\/en\/wp-json\/wp\/v2\/pages\/2946\/revisions\/4345"}],"up":[{"embeddable":true,"href":"https:\/\/www.lechclassicfestival.com\/en\/wp-json\/wp\/v2\/pages\/1978"}],"wp:attachment":[{"href":"https:\/\/www.lechclassicfestival.com\/en\/wp-json\/wp\/v2\/media?parent=2946"}],"curies":[{"name":"wp","href":"https:\/\/api.w.org\/{rel}","templated":true}]}}