{"id":1813,"date":"2023-11-19T23:22:21","date_gmt":"2023-11-19T22:22:21","guid":{"rendered":"http:\/\/lechclassicfestival.com.w01e92b9.kasserver.com\/?page_id=1813"},"modified":"2025-07-08T20:30:41","modified_gmt":"2025-07-08T18:30:41","slug":"impressum","status":"publish","type":"page","link":"https:\/\/www.lechclassicfestival.com\/en\/impressum\/","title":{"rendered":"Imprint"},"content":{"rendered":"<div class=\"wp-block-uagb-container uagb-block-7da09eeb alignfull uagb-is-root-container\"><div class=\"uagb-container-inner-blocks-wrap\">\n<div class=\"wp-block-uagb-advanced-heading uagb-block-e5468adc\"><h1 class=\"uagb-heading-text\">Imprint<\/h1><\/div>\n\n\n\n<div class=\"wp-block-uagb-advanced-heading uagb-block-74d7a19e\"><p class=\"uagb-heading-text\"><strong>LECH CLASSIC MUSIC<\/strong><br>Gemeinn\u00fctziger Verein<br>ZVR-Zahl: 648780350<br>Sitz Wien<br>Zustellanschrift:<br>1040 Wien<br>Gu\u00dfhausstra\u00dfe 17\/5<br><br><strong>Lech Classic Festival:<br><\/strong>allj\u00e4hrliches Musik-Sommerfestival in Lech am Arlberg<br><br><strong>Veranstalter<\/strong>:<br>Marlies Wagner<br>Tel: 0043\/664\/504 51 41<br>E-Mail: office@marlieswagner.com<br>Website:<a href=\"https:\/\/www.lechclassicfestival.com\/en\/\" data-type=\"link\" data-id=\"https:\/\/www.lechclassicfestival.com\/\"> www.lechclassicfestival.com<\/a><\/p><\/div>\n\n\n\n<div class=\"wp-block-uagb-advanced-heading uagb-block-4f2a1815\"><h5 class=\"uagb-heading-text\">Datenschutzrichtlinien<\/h5><\/div>\n\n\n\n<p>Datenschutzerkl\u00e4rung f\u00fcr&nbsp;<a href=\"http:\/\/www.lechclassicfestival.com\/en\/\">www.lechclassicfestival.com<\/a><\/p>\n\n\n\n<p><strong>Urheberrecht<\/strong><br>\u00a9 Copyright 2018. Alle Rechte vorbehalten. Alle Texte, Bilder, Grafiken und Multimediadateien sowie das Layout unterliegen dem Urheberrecht und den Gesetzen zum Schutz geistigen Eigentums. Eine Weiterverarbeitung bedarf ausdr\u00fccklicher Zustimmung.<\/p>\n\n\n\n<p><strong>Datenschutz<\/strong><br>Wir freuen uns \u00fcber Ihr Interesse an unserem Internetauftritt und unseren Angeboten. LECH CLASSIC MUSIC nimmt den Schutz Ihrer pers\u00f6nlichen Daten sehr ernst und h\u00e4lt sich strikt an die Regeln der Datenschutz-Grundverordnung (DSGVO) und das Telekommunikationsgesetz (TKG) in der jeweils geltenden Fassung.<\/p>\n\n\n\n<p><strong>Kontakt mit uns<\/strong><br>Wenn Sie per E-Mail Kontakt mit uns aufnehmen, werden Ihre angegebenen Daten zwecks Bearbeitung der Anfrage und f\u00fcr den Fall von Anschlussfragen sechs Monate bei uns gespeichert. Diese Daten geben wir nicht ohne Ihre Einwilligung weiter.<\/p>\n\n\n\n<p><strong>Datenverarbeitung auf dieser Internetseite<br><\/strong>Bei jedem Zugriff auf Inhalte unserer Website werden Verbindungsdaten an unseren Webserver \u00fcbertragen. Zu diesen personenbezogenen Verbindungsdaten geh\u00f6ren:<\/p>\n\n\n\n<ul class=\"wp-block-list\">\n<li>die IP-Adresse der jeweiligen Nutzerin bzw. des Nutzers<\/li>\n\n\n\n<li>der Browsertyp \/ die Browserversion<\/li>\n\n\n\n<li>das Zugriffsdatum<\/li>\n\n\n\n<li>die Referrer-URL (die zuvor besuchte Seite)<\/li>\n\n\n\n<li>der Hostname des zugreifenden Rechners<\/li>\n<\/ul>\n\n\n\n<p>Diese Daten sind f\u00fcr LECH CLASSIC MUSIC nicht bestimmten Personen zuordenbar. Eine Zusammenf\u00fchrung dieser Daten mit anderen Datenquellen wird nicht vorgenommen.<\/p>\n\n\n\n<p><strong>Sicherheit Ihrer personenbezogenen Daten<br><\/strong>Wir setzen technische und organisatorische Sicherheitsma\u00dfnahmen ein, um Ihre durch uns verwalteten personenbezogenen Daten gegen Manipulation, Verlust, Zerst\u00f6rung oder den Zugriff unberechtigter Personen zu sch\u00fctzen. Unsere Sicherheitsma\u00dfnahmen werden entsprechend der technologischen Entwicklung fortlaufend verbessert.<\/p>\n\n\n\n<p><strong>Weitergabe Ihrer Daten<br><\/strong>LECH CLASSIC MUSIC gibt Ihre personenbezogenen Daten nicht an Dritte weiter. Ausnahmen gelten nur, wenn wir gesetzlich oder per Gerichtsbeschluss dazu verpflichtet sind (z. B. gegen\u00fcber staatlichen Institutionen und Beh\u00f6rden).<\/p>\n\n\n\n<p><strong>Cookies und Consent-Management<br><\/strong>Unsere Website verwendet Cookies, um bestimmte Funktionen bereitzustellen und das Nutzungserlebnis zu verbessern. Cookies sind kleine Textdateien, die auf Ihrem Endger\u00e4t gespeichert werden. Manche Cookies sind f\u00fcr den Betrieb der Website technisch notwendig, andere dienen zur statistischen Auswertung oder zur Darstellung externer Medien (z. B. YouTube, Karten).<\/p>\n\n\n\n<p>Wir verwenden daf\u00fcr das Consent-Management-Tool&nbsp;<strong>Borlabs Cookie<\/strong>, bereitgestellt von&nbsp;<strong>Borlabs GmbH, Hamburger Str. 11, 22083 Hamburg, Deutschland<\/strong>. Weitere Informationen zur Funktionsweise und zum Datenschutz dieses Tools finden Sie unter:&nbsp;<a href=\"https:\/\/borlabs.io\/datenschutz\/\">https:\/\/borlabs.io\/datenschutz\/<\/a><\/p>\n\n\n\n<p>Sie k\u00f6nnen beim ersten Besuch der Website selbst festlegen, welchen Cookies Sie zustimmen. Ihre Auswahl wird gespeichert und kann jederzeit angepasst oder widerrufen werden.<\/p>\n\n\n\n<p><strong>Einbindung von Drittanbieterdiensten \/ Social Media<br><\/strong>Auf unserer Website sind Links und Inhalte folgender Drittanbieter und Plattformen verlinkt oder eingebunden:<br><br><strong>Facebook<\/strong>: Auf unserer Website wird auf unsere Facebook-Seite verlinkt. Es handelt sich hierbei um einen einfachen HTML-Link (kein Plugin). Beim Anklicken dieses Links verlassen Sie unsere Website und werden zu Facebook weitergeleitet. Anbieter ist die Meta Platforms Ireland Ltd., 4 Grand Canal Square, Grand Canal Harbour, Dublin 2, Irland. Datenschutzerkl\u00e4rung:\u00a0<a href=\"https:\/\/www.facebook.com\/privacy\/policy\/\">https:\/\/www.facebook.com\/privacy\/policy\/<\/a><br><br><strong>Instagram<\/strong>: Es wird ein statischer Link zu unserem Instagram-Profil bereitgestellt. Erst beim Anklicken dieses Links werden Daten durch Instagram erhoben. Anbieter ist Meta Platforms Ireland Ltd. Datenschutzerkl\u00e4rung:\u00a0<a href=\"https:\/\/privacycenter.instagram.com\/policy\">https:\/\/privacycenter.instagram.com\/policy<\/a><br><br><strong>X (ehemals Twitter)<\/strong>: Wir verlinken auf unser Profil bei X. Beim Anklicken wird eine Verbindung zu den Servern von X aufgebaut. Anbieter ist X Corp., 1355 Market Street, Suite 900, San Francisco, CA 94103, USA. Datenschutzerkl\u00e4rung:\u00a0<a href=\"https:\/\/twitter.com\/de\/privacy\">https:\/\/twitter.com\/de\/privacy<\/a><br><br><strong>YouTube<\/strong>: Diese Website bindet Videos \u00fcber die Plattform YouTube im erweiterten Datenschutzmodus oder per Zwei-Klick-L\u00f6sung ein. Anbieter ist Google Ireland Limited, Gordon House, Barrow Street, Dublin 4, Irland. Beim Abspielen eines Videos wird eine Verbindung zu den Servern von YouTube hergestellt. Dabei werden personenbezogene Daten \u00fcbermittelt. Datenschutzerkl\u00e4rung:\u00a0<a href=\"https:\/\/policies.google.com\/privacy\">https:\/\/policies.google.com\/privacy<\/a><\/p>\n\n\n\n<p><strong>Ihre Rechte<br><\/strong>Sie haben das Recht auf Auskunft, Berichtigung, L\u00f6schung, Einschr\u00e4nkung, Daten\u00fcbertragbarkeit und Widerspruch. Wenn Sie glauben, dass die Verarbeitung Ihrer Daten gegen das Datenschutzrecht verst\u00f6\u00dft oder Ihre datenschutzrechtlichen Anspr\u00fcche sonst in einer Weise verletzt worden sind, k\u00f6nnen Sie sich bei der \u00f6sterreichischen Datenschutzbeh\u00f6rde beschweren:\u00a0<a href=\"https:\/\/www.dsb.gv.at\/\">https:\/\/www.dsb.gv.at<\/a><\/p>\n\n\n\n<p><strong>Kontakt<br><\/strong>Wenn Sie Fragen zum Datenschutz haben oder Ihre Rechte geltend machen m\u00f6chten, wenden Sie sich bitte an:<br><a href=\"mailto:office@marlieswagner.com\">office@marlieswagner.com<\/a>\u00a0oder telefonisch unter +43\/664\/504 51 4<\/p>\n\n\n\n<p><em>Letzte Aktualisierung: Juni 2025<\/em><\/p>\n<\/div><\/div>","protected":false},"excerpt":{"rendered":"<p>Impressum LECH CLASSIC MUSICGemeinn\u00fctziger VereinZVR-Zahl: 648780350Sitz WienZustellanschrift:1040 WienGu\u00dfhausstra\u00dfe 17\/5 Lech Classic Festival:allj\u00e4hrliches Musik-Sommerfestival in Lech am Arlberg Veranstalter:Marlies WagnerTel: 0043\/664\/504 51 41E-Mail: office@marlieswagner.comWebsite: www.lechclassicfestival.com Datenschutzrichtlinien Datenschutzerkl\u00e4rung f\u00fcr&nbsp;www.lechclassicfestival.com Urheberrecht\u00a9 Copyright 2018. Alle Rechte vorbehalten. Alle Texte, Bilder, Grafiken und Multimediadateien sowie das Layout unterliegen dem Urheberrecht und den Gesetzen zum Schutz geistigen Eigentums. Eine Weiterverarbeitung bedarf &hellip;<\/p>\n<p class=\"read-more\"> <a class=\"\" href=\"https:\/\/www.lechclassicfestival.com\/en\/impressum\/\"> <span class=\"screen-reader-text\">Imprint<\/span> Read More &raquo;<\/a><\/p>","protected":false},"author":2,"featured_media":0,"parent":0,"menu_order":0,"comment_status":"closed","ping_status":"closed","template":"","meta":{"_seopress_robots_primary_cat":"","_seopress_titles_title":"","_seopress_titles_desc":"Kontaktinformationen und rechtliche Hinweise zu LECH CLASSIC MUSIC, Gemeinn\u00fctziger Verein, 1040 Wien - Veranstalter: Marlies Wagner, Wien.\n","_seopress_robots_index":"","_seopress_analysis_target_kw":"","_uag_custom_page_level_css":"","site-sidebar-layout":"default","site-content-layout":"","ast-site-content-layout":"default","site-content-style":"default","site-sidebar-style":"default","ast-global-header-display":"","ast-banner-title-visibility":"","ast-main-header-display":"","ast-hfb-above-header-display":"","ast-hfb-below-header-display":"","ast-hfb-mobile-header-display":"","site-post-title":"disabled","ast-breadcrumbs-content":"","ast-featured-img":"","footer-sml-layout":"","theme-transparent-header-meta":"","adv-header-id-meta":"","stick-header-meta":"","header-above-stick-meta":"","header-main-stick-meta":"","header-below-stick-meta":"","astra-migrate-meta-layouts":"set","ast-page-background-enabled":"default","ast-page-background-meta":{"desktop":{"background-color":"","background-image":"","background-repeat":"repeat","background-position":"center center","background-size":"auto","background-attachment":"scroll","background-type":"","background-media":"","overlay-type":"","overlay-color":"","overlay-gradient":""},"tablet":{"background-color":"","background-image":"","background-repeat":"repeat","background-position":"center center","background-size":"auto","background-attachment":"scroll","background-type":"","background-media":"","overlay-type":"","overlay-color":"","overlay-gradient":""},"mobile":{"background-color":"","background-image":"","background-repeat":"repeat","background-position":"center center","background-size":"auto","background-attachment":"scroll","background-type":"","background-media":"","overlay-type":"","overlay-color":"","overlay-gradient":""}},"ast-content-background-meta":{"desktop":{"background-color":"var(--ast-global-color-5)","background-image":"","background-repeat":"repeat","background-position":"center center","background-size":"auto","background-attachment":"scroll","background-type":"","background-media":"","overlay-type":"","overlay-color":"","overlay-gradient":""},"tablet":{"background-color":"var(--ast-global-color-5)","background-image":"","background-repeat":"repeat","background-position":"center center","background-size":"auto","background-attachment":"scroll","background-type":"","background-media":"","overlay-type":"","overlay-color":"","overlay-gradient":""},"mobile":{"background-color":"var(--ast-global-color-5)","background-image":"","background-repeat":"repeat","background-position":"center center","background-size":"auto","background-attachment":"scroll","background-type":"","background-media":"","overlay-type":"","overlay-color":"","overlay-gradient":""}},"iawp_total_views":592,"footnotes":""},"class_list":["post-1813","page","type-page","status-publish","hentry"],"uagb_featured_image_src":{"full":false,"thumbnail":false,"medium":false,"medium_large":false,"large":false,"1536x1536":false,"2048x2048":false,"trp-custom-language-flag":false},"uagb_author_info":{"display_name":"Marie Jedina","author_link":"https:\/\/www.lechclassicfestival.com\/en\/author\/marie\/"},"uagb_comment_info":0,"uagb_excerpt":"Impressum LECH CLASSIC MUSICGemeinn\u00fctziger VereinZVR-Zahl: 648780350Sitz WienZustellanschrift:1040 WienGu\u00dfhausstra\u00dfe 17\/5 Lech Classic Festival:allj\u00e4hrliches Musik-Sommerfestival in Lech am Arlberg Veranstalter:Marlies WagnerTel: 0043\/664\/504 51 41E-Mail: office@marlieswagner.comWebsite: www.lechclassicfestival.com Datenschutzrichtlinien Datenschutzerkl\u00e4rung f\u00fcr&nbsp;www.lechclassicfestival.com Urheberrecht\u00a9 Copyright 2018. Alle Rechte vorbehalten. Alle Texte, Bilder, Grafiken und Multimediadateien sowie das Layout unterliegen dem Urheberrecht und den Gesetzen zum Schutz geistigen Eigentums. Eine Weiterverarbeitung bedarf&hellip;","_links":{"self":[{"href":"https:\/\/www.lechclassicfestival.com\/en\/wp-json\/wp\/v2\/pages\/1813","targetHints":{"allow":["GET"]}}],"collection":[{"href":"https:\/\/www.lechclassicfestival.com\/en\/wp-json\/wp\/v2\/pages"}],"about":[{"href":"https:\/\/www.lechclassicfestival.com\/en\/wp-json\/wp\/v2\/types\/page"}],"author":[{"embeddable":true,"href":"https:\/\/www.lechclassicfestival.com\/en\/wp-json\/wp\/v2\/users\/2"}],"replies":[{"embeddable":true,"href":"https:\/\/www.lechclassicfestival.com\/en\/wp-json\/wp\/v2\/comments?post=1813"}],"version-history":[{"count":7,"href":"https:\/\/www.lechclassicfestival.com\/en\/wp-json\/wp\/v2\/pages\/1813\/revisions"}],"predecessor-version":[{"id":3929,"href":"https:\/\/www.lechclassicfestival.com\/en\/wp-json\/wp\/v2\/pages\/1813\/revisions\/3929"}],"wp:attachment":[{"href":"https:\/\/www.lechclassicfestival.com\/en\/wp-json\/wp\/v2\/media?parent=1813"}],"curies":[{"name":"wp","href":"https:\/\/api.w.org\/{rel}","templated":true}]}}