{"id":1389,"date":"2023-10-23T19:05:29","date_gmt":"2023-10-23T17:05:29","guid":{"rendered":"http:\/\/lechclassicfestival.com.w01e92b9.kasserver.com\/?page_id=1389"},"modified":"2026-04-25T23:15:54","modified_gmt":"2026-04-25T21:15:54","slug":"freunde-foerderer","status":"publish","type":"page","link":"https:\/\/www.lechclassicfestival.com\/en\/sponsoring\/freunde-foerderer\/","title":{"rendered":"Supporters &amp; Friends"},"content":{"rendered":"<div class=\"wp-block-uagb-container uagb-block-901c979b alignfull uagb-is-root-container\"><div class=\"uagb-container-inner-blocks-wrap\">\n<div class=\"wp-block-uagb-advanced-heading uagb-block-ef2973e1\"><h1 class=\"uagb-heading-text\">Supporters &amp; Friends<\/h1><\/div>\n\n\n\n<div class=\"wp-block-uagb-advanced-heading uagb-block-2a341fd7\"><h5 class=\"uagb-heading-text\">The Circle of Supporters and Friends was established by DI G\u00fcnter Rhomberg.<\/h5><\/div>\n\n\n\n<div class=\"wp-block-uagb-advanced-heading uagb-block-0ca114e6\"><p class=\"uagb-heading-text\">Michael &amp; Barbara Beiser, Lech<br>Oskar &amp; Rosa B\u00fcsel, Lech<br>Carmen Chartouni, Lech<br>Drs. Ronald &amp; Jolande Cleijsen, Nunspeet (NL)<br>Marie-Luise &amp; Wolfgang Dietrich, Wolfurt<br>DI Dr. Richard &amp; Mag. Andrea Fischer, Rankweil<br>Nikolas &amp; Sophie-Marie von Haugwitz, Luzern (CH)<br>Mag. Hans &amp; Mag. Andrea Hammerschmied, Wien<br>Andrea M. Helbok &amp; Kyriaki Efstathiou, Lochau\/Thessaloniki (GR)<br>RA Dr. Johannes &amp; Mag. Christa Hock, Wien<br>RA Dr. Stefan &amp; Claudia Hoischen, Herford (DE)<br>Annemarie Illy, Luzern (CH)<br>Dkfm. Florian &amp; Dr. Elisabeth Keiper-Knorr, Dornbirn\/Lech<br>DI Peter &amp; Eva Kierst, Wien<br>Dr. Rudolf &amp; Mag. Sonja Kn\u00fcnz, Wien\/Lech<br>Siegrite &amp; Carl-Heinrich Metzdorff, Riehen (CH)<br>Michael &amp; Eva Moosbrugger, Gobelsburg\/Lech<br>Mag.pharm. Andreas Portisch &amp; Dr. Michaela Bergen-Portisch, Wien<br>Dr. Michael &amp; Ingrid P\u00f6cksteiner, Wien<br>DI G\u00fcnter Rhomberg, Wien\/Bregenz<br>KR Walter-Heinz &amp; Edith Rhomberg, Bregenz\/Lech<br>Monika Rhomberg, Lech<br>Mag. Wolf-Dietrich &amp; Jady Schneeweiss, Wien<br>DI Ingolf Sch\u00fctz-M\u00fcller, New York (US)<br>DI Paul Senger-Weiss, Bregenz\/Lech<br>DI Konrad &amp; Doris W\u00fchrer, Dornbirn\/Lech<\/p><\/div>\n\n\n\n<div class=\"wp-block-uagb-advanced-heading uagb-block-a49fe6bb\"><h3 class=\"uagb-heading-text\">Friends<\/h3><\/div>\n\n\n\n<div class=\"wp-block-uagb-advanced-heading uagb-block-c71d7251\"><p class=\"uagb-heading-text\">Dr. Hans-Peter &amp; Dr. Doris Aicher, M\u00fcnchen (DE)<br>Mag. Ursula Dehne-Kinz, Bregenz<br>Mag. Christian &amp; Karin Heidrich, Wien<br>Klaus &amp; Daisy Hoch, Lech<br>Kristl Moosbrugger, Lech<br>Univ.-Prof. Dr. Mathias M\u00fcller &amp; Univ.-Prof. Dr. Andrea Griesmacher, Wien\/Innsbruck<br>G\u00fcnter &amp; Dr. Petra Pfefferkorn, Lech<br>Ludwig Muxel &amp; Angelika Rein, Lech<br>Erna Rein, Lech<br>Ulrike &amp; Dr. G\u00fcnter Rein, Sulz<br>em. Univ.-Prof. Dr. Brigitte Scheer-Sch\u00e4tzler, Mils\/Innsbruck<br>Sven Talabudzinow, Lech\/Hamburg (DE)<br>Angelika Weber, St. Gallen (CH)<\/p><\/div>\n<\/div><\/div>\n\n\n\n<div class=\"wp-block-uagb-container uagb-block-36db9c44 default uagb-is-root-container\">\n<div class=\"wp-block-uagb-inline-notice uagb-inline_notice__align-center uagb-block-22500865\"><button class=\"uagb-notice-close-button\" type=\"button\" aria-label=\"Close\"><\/button><h4 class=\"uagb-notice-title\">BECOME A FRIEND OR SUPPORTER <br>LECH CLASSIC FESTIVAL<\/h4><div class=\"uagb-notice-text\">\n<p>The Circle of Friends and Supporters plays a vital role in the continued success of the Lech Classic Festival. <em>Lech Classic Festival<\/em> who share a special bond with this unique place. With an annual contribution of \u20ac 150 as a \"Friend\" or \u20ac 500 as a \"Supporter\", you help ensure that artistic excellence can thrive in the heart of the Alps. Beyond financial support, your membership represents a profound gesture of solidarity \u2014 a testament to your personal connection with the festival and ist ideals.<br><br><strong>Contact: <\/strong><a href=\"mailto:freunde@lechclassicfestival.com\" data-type=\"mailto\" data-id=\"mailto:freunde@lechclassicfestival.com\">freunde@lechclassicfestival.com<\/a><\/p>\n<\/div><\/div>\n<\/div>","protected":false},"excerpt":{"rendered":"<p>F\u00f6rderer | Sponsors Der F\u00f6rderer- und Freundeskreis entstand auf Initiative von DI G\u00fcnter Rhomberg. Michael &amp; Barbara Beiser, LechOskar &amp; Rosa B\u00fcsel, LechCarmen Chartouni, LechDrs. Ronald &amp; Jolande Cleijsen, Nunspeet (NL)Marie-Luise &amp; Wolfgang Dietrich, WolfurtDI Dr. Richard &amp; Mag. Andrea Fischer, RankweilNikolas &amp; Sophie-Marie von Haugwitz, Luzern (CH)Mag. Hans &amp; Mag. Andrea Hammerschmied, WienAndrea M. &hellip;<\/p>\n<p class=\"read-more\"> <a class=\"\" href=\"https:\/\/www.lechclassicfestival.com\/en\/sponsoring\/freunde-foerderer\/\"> <span class=\"screen-reader-text\">Supporters &amp; Friends<\/span> Read More &raquo;<\/a><\/p>","protected":false},"author":2,"featured_media":0,"parent":1978,"menu_order":0,"comment_status":"closed","ping_status":"closed","template":"","meta":{"_seopress_robots_primary_cat":"","_seopress_titles_title":"Freunde & F\u00f6rderer I Lech Classic Festival","_seopress_titles_desc":"Freunde & F\u00f6rderer des Lech Classic Festival : Unterst\u00fctzen Sie das Festival als Mitglied und sichern Sie h\u00f6chste musikalische Qualit\u00e4t in Lech.","_seopress_robots_index":"","_seopress_analysis_target_kw":"","_uag_custom_page_level_css":"","site-sidebar-layout":"default","site-content-layout":"","ast-site-content-layout":"normal-width-container","site-content-style":"unboxed","site-sidebar-style":"default","ast-global-header-display":"","ast-banner-title-visibility":"","ast-main-header-display":"","ast-hfb-above-header-display":"","ast-hfb-below-header-display":"","ast-hfb-mobile-header-display":"","site-post-title":"disabled","ast-breadcrumbs-content":"","ast-featured-img":"","footer-sml-layout":"","theme-transparent-header-meta":"","adv-header-id-meta":"","stick-header-meta":"","header-above-stick-meta":"","header-main-stick-meta":"","header-below-stick-meta":"","astra-migrate-meta-layouts":"set","ast-page-background-enabled":"default","ast-page-background-meta":{"desktop":{"background-color":"","background-image":"","background-repeat":"repeat","background-position":"center center","background-size":"auto","background-attachment":"scroll","background-type":"","background-media":"","overlay-type":"","overlay-color":"","overlay-gradient":""},"tablet":{"background-color":"","background-image":"","background-repeat":"repeat","background-position":"center center","background-size":"auto","background-attachment":"scroll","background-type":"","background-media":"","overlay-type":"","overlay-color":"","overlay-gradient":""},"mobile":{"background-color":"","background-image":"","background-repeat":"repeat","background-position":"center center","background-size":"auto","background-attachment":"scroll","background-type":"","background-media":"","overlay-type":"","overlay-color":"","overlay-gradient":""}},"ast-content-background-meta":{"desktop":{"background-color":"var(--ast-global-color-5)","background-image":"","background-repeat":"repeat","background-position":"center center","background-size":"auto","background-attachment":"scroll","background-type":"","background-media":"","overlay-type":"","overlay-color":"","overlay-gradient":""},"tablet":{"background-color":"var(--ast-global-color-5)","background-image":"","background-repeat":"repeat","background-position":"center center","background-size":"auto","background-attachment":"scroll","background-type":"","background-media":"","overlay-type":"","overlay-color":"","overlay-gradient":""},"mobile":{"background-color":"var(--ast-global-color-5)","background-image":"","background-repeat":"repeat","background-position":"center center","background-size":"auto","background-attachment":"scroll","background-type":"","background-media":"","overlay-type":"","overlay-color":"","overlay-gradient":""}},"iawp_total_views":719,"footnotes":""},"class_list":["post-1389","page","type-page","status-publish","hentry"],"uagb_featured_image_src":{"full":false,"thumbnail":false,"medium":false,"medium_large":false,"large":false,"1536x1536":false,"2048x2048":false,"trp-custom-language-flag":false},"uagb_author_info":{"display_name":"Marie Jedina","author_link":"https:\/\/www.lechclassicfestival.com\/en\/author\/marie\/"},"uagb_comment_info":0,"uagb_excerpt":"F\u00f6rderer | Sponsors Der F\u00f6rderer- und Freundeskreis entstand auf Initiative von DI G\u00fcnter Rhomberg. Michael &amp; Barbara Beiser, LechOskar &amp; Rosa B\u00fcsel, LechCarmen Chartouni, LechDrs. Ronald &amp; Jolande Cleijsen, Nunspeet (NL)Marie-Luise &amp; Wolfgang Dietrich, WolfurtDI Dr. Richard &amp; Mag. Andrea Fischer, RankweilNikolas &amp; Sophie-Marie von Haugwitz, Luzern (CH)Mag. Hans &amp; Mag. Andrea Hammerschmied, WienAndrea M.&hellip;","_links":{"self":[{"href":"https:\/\/www.lechclassicfestival.com\/en\/wp-json\/wp\/v2\/pages\/1389","targetHints":{"allow":["GET"]}}],"collection":[{"href":"https:\/\/www.lechclassicfestival.com\/en\/wp-json\/wp\/v2\/pages"}],"about":[{"href":"https:\/\/www.lechclassicfestival.com\/en\/wp-json\/wp\/v2\/types\/page"}],"author":[{"embeddable":true,"href":"https:\/\/www.lechclassicfestival.com\/en\/wp-json\/wp\/v2\/users\/2"}],"replies":[{"embeddable":true,"href":"https:\/\/www.lechclassicfestival.com\/en\/wp-json\/wp\/v2\/comments?post=1389"}],"version-history":[{"count":11,"href":"https:\/\/www.lechclassicfestival.com\/en\/wp-json\/wp\/v2\/pages\/1389\/revisions"}],"predecessor-version":[{"id":4450,"href":"https:\/\/www.lechclassicfestival.com\/en\/wp-json\/wp\/v2\/pages\/1389\/revisions\/4450"}],"up":[{"embeddable":true,"href":"https:\/\/www.lechclassicfestival.com\/en\/wp-json\/wp\/v2\/pages\/1978"}],"wp:attachment":[{"href":"https:\/\/www.lechclassicfestival.com\/en\/wp-json\/wp\/v2\/media?parent=1389"}],"curies":[{"name":"wp","href":"https:\/\/api.w.org\/{rel}","templated":true}]}}