{"id":1374,"date":"2023-10-23T13:56:50","date_gmt":"2023-10-23T11:56:50","guid":{"rendered":"http:\/\/lechclassicfestival.com.w01e92b9.kasserver.com\/?page_id=1374"},"modified":"2025-12-22T22:18:31","modified_gmt":"2025-12-22T21:18:31","slug":"freitag-7-august-2026","status":"publish","type":"page","link":"https:\/\/www.lechclassicfestival.com\/en\/programm\/freitag-7-august-2026\/","title":{"rendered":"Friday, 7 August 2026"},"content":{"rendered":"<div class=\"wp-block-uagb-container uagb-block-a36fe2cf alignfull uagb-is-root-container\"><div class=\"uagb-container-inner-blocks-wrap\">\n<div class=\"wp-block-uagb-advanced-heading uagb-block-86d9f67d\"><p class=\"uagb-heading-text\">Friday, 7 August 2026, 5:00 p.m., Lechwelten<\/p><\/div>\n<\/div><\/div>\n\n\n\n<div class=\"wp-block-uagb-container uagb-block-fbcf80de alignfull uagb-is-root-container\"><div class=\"uagb-container-inner-blocks-wrap\">\n<div class=\"wp-block-uagb-advanced-heading uagb-block-fe267757\"><h1 class=\"uagb-heading-text\">Soir\u00e9e<br><\/h1><\/div>\n<\/div><\/div>\n\n\n\n<div class=\"wp-block-uagb-container uagb-block-e60d3d00 alignfull uagb-is-root-container\"><div class=\"uagb-container-inner-blocks-wrap\">\n<p class=\"has-text-align-center\"><strong>Franz Schubert (1797-1828)<br><\/strong>Quartet Movement in C minor, D 703<\/p>\n\n\n\n<p class=\"has-text-align-center\"><strong>Robert Schumann (1810-1856)<br><\/strong>Quintet in E-flat major for two violins, viola, cello and piano, Op. 44<br>I. Allegro brillante<br>II. In Modo d&#8217;una Marcia. Un poco largamente<br>III. Scherzo. Molto vivace<br>IV. Allegro ma non troppo<br><\/p>\n\n\n\n<p class=\"has-text-align-center\"><strong>Intermission<\/strong><\/p>\n\n\n\n<p class=\"has-text-align-center\"><strong>Antonin Dvo\u0159\u00e1k (1841-1904)<br><\/strong>Quintet in A major for two violins, viola, cello and piano, Op. 81<br>I. Allegro, ma non tanto<br>II. Dumka. Andante con moto<br>III. Scherzo (Furiant). Molto vivace &#8211; Poco tranquillo<br>IV. Finale. Allegro<\/p>\n\n\n\n<p class=\"has-text-align-center\"><strong>Rimma Benyumova \u2013 Violin<br>Brieuc Vourch \u2013 Violin<br>Julia Turnovsky \u2013 Viola<br>Sebastian Bru \u2013 Violoncello<br>Jasminka Stan\u010dul \u2013 Piano<\/strong>r<\/p>\n<\/div><\/div>\n\n\n\n<div class=\"wp-block-uagb-container uagb-block-9f815f1b alignfull uagb-is-root-container\"><div class=\"uagb-container-inner-blocks-wrap\"><\/div><\/div>","protected":false},"excerpt":{"rendered":"<p>Freitag, 7. August 2026\u00a0 | 17:00 UHR | Konzertsaal in den Lechwelten Soir\u00e9e Franz Schubert (1797-1828)Quartettsatz c-moll f\u00fcr zwei Violinen, Viola und Violoncello D 703 Robert Schumann (1810-1856)Quintett Es-Dur f\u00fcr zwei Violinen, Viola, Violoncello und Klavier op. 44I. Allegro brillanteII. In Modo d&#8217;una Marcia. Un poco largamenteIII. Scherzo. Molto vivaceIV. Allegro ma non troppo Pause &hellip;<\/p>\n<p class=\"read-more\"> <a class=\"\" href=\"https:\/\/www.lechclassicfestival.com\/en\/programm\/freitag-7-august-2026\/\"> <span class=\"screen-reader-text\">Friday, 7 August 2026<\/span> Read More &raquo;<\/a><\/p>","protected":false},"author":2,"featured_media":0,"parent":1937,"menu_order":0,"comment_status":"closed","ping_status":"closed","template":"","meta":{"_seopress_robots_primary_cat":"","_seopress_titles_title":"","_seopress_titles_desc":"","_seopress_robots_index":"","_seopress_analysis_target_kw":"","_uag_custom_page_level_css":"","site-sidebar-layout":"default","site-content-layout":"","ast-site-content-layout":"default","site-content-style":"default","site-sidebar-style":"default","ast-global-header-display":"","ast-banner-title-visibility":"","ast-main-header-display":"","ast-hfb-above-header-display":"","ast-hfb-below-header-display":"","ast-hfb-mobile-header-display":"","site-post-title":"disabled","ast-breadcrumbs-content":"","ast-featured-img":"","footer-sml-layout":"","theme-transparent-header-meta":"","adv-header-id-meta":"","stick-header-meta":"","header-above-stick-meta":"","header-main-stick-meta":"","header-below-stick-meta":"","astra-migrate-meta-layouts":"set","ast-page-background-enabled":"default","ast-page-background-meta":{"desktop":{"background-color":"","background-image":"","background-repeat":"repeat","background-position":"center center","background-size":"auto","background-attachment":"scroll","background-type":"","background-media":"","overlay-type":"","overlay-color":"","overlay-gradient":""},"tablet":{"background-color":"","background-image":"","background-repeat":"repeat","background-position":"center center","background-size":"auto","background-attachment":"scroll","background-type":"","background-media":"","overlay-type":"","overlay-color":"","overlay-gradient":""},"mobile":{"background-color":"","background-image":"","background-repeat":"repeat","background-position":"center center","background-size":"auto","background-attachment":"scroll","background-type":"","background-media":"","overlay-type":"","overlay-color":"","overlay-gradient":""}},"ast-content-background-meta":{"desktop":{"background-color":"var(--ast-global-color-5)","background-image":"","background-repeat":"repeat","background-position":"center center","background-size":"auto","background-attachment":"scroll","background-type":"","background-media":"","overlay-type":"","overlay-color":"","overlay-gradient":""},"tablet":{"background-color":"var(--ast-global-color-5)","background-image":"","background-repeat":"repeat","background-position":"center center","background-size":"auto","background-attachment":"scroll","background-type":"","background-media":"","overlay-type":"","overlay-color":"","overlay-gradient":""},"mobile":{"background-color":"var(--ast-global-color-5)","background-image":"","background-repeat":"repeat","background-position":"center center","background-size":"auto","background-attachment":"scroll","background-type":"","background-media":"","overlay-type":"","overlay-color":"","overlay-gradient":""}},"iawp_total_views":2787,"footnotes":""},"class_list":["post-1374","page","type-page","status-publish","hentry"],"uagb_featured_image_src":{"full":false,"thumbnail":false,"medium":false,"medium_large":false,"large":false,"1536x1536":false,"2048x2048":false,"trp-custom-language-flag":false},"uagb_author_info":{"display_name":"Marie Jedina","author_link":"https:\/\/www.lechclassicfestival.com\/en\/author\/marie\/"},"uagb_comment_info":0,"uagb_excerpt":"Freitag, 7. August 2026\u00a0 | 17:00 UHR | Konzertsaal in den Lechwelten Soir\u00e9e Franz Schubert (1797-1828)Quartettsatz c-moll f\u00fcr zwei Violinen, Viola und Violoncello D 703 Robert Schumann (1810-1856)Quintett Es-Dur f\u00fcr zwei Violinen, Viola, Violoncello und Klavier op. 44I. Allegro brillanteII. In Modo d&#8217;una Marcia. Un poco largamenteIII. Scherzo. Molto vivaceIV. Allegro ma non troppo Pause&hellip;","_links":{"self":[{"href":"https:\/\/www.lechclassicfestival.com\/en\/wp-json\/wp\/v2\/pages\/1374","targetHints":{"allow":["GET"]}}],"collection":[{"href":"https:\/\/www.lechclassicfestival.com\/en\/wp-json\/wp\/v2\/pages"}],"about":[{"href":"https:\/\/www.lechclassicfestival.com\/en\/wp-json\/wp\/v2\/types\/page"}],"author":[{"embeddable":true,"href":"https:\/\/www.lechclassicfestival.com\/en\/wp-json\/wp\/v2\/users\/2"}],"replies":[{"embeddable":true,"href":"https:\/\/www.lechclassicfestival.com\/en\/wp-json\/wp\/v2\/comments?post=1374"}],"version-history":[{"count":9,"href":"https:\/\/www.lechclassicfestival.com\/en\/wp-json\/wp\/v2\/pages\/1374\/revisions"}],"predecessor-version":[{"id":4203,"href":"https:\/\/www.lechclassicfestival.com\/en\/wp-json\/wp\/v2\/pages\/1374\/revisions\/4203"}],"up":[{"embeddable":true,"href":"https:\/\/www.lechclassicfestival.com\/en\/wp-json\/wp\/v2\/pages\/1937"}],"wp:attachment":[{"href":"https:\/\/www.lechclassicfestival.com\/en\/wp-json\/wp\/v2\/media?parent=1374"}],"curies":[{"name":"wp","href":"https:\/\/api.w.org\/{rel}","templated":true}]}}