{"id":1371,"date":"2023-10-23T13:54:36","date_gmt":"2023-10-23T11:54:36","guid":{"rendered":"http:\/\/lechclassicfestival.com.w01e92b9.kasserver.com\/?page_id=1371"},"modified":"2025-12-23T22:05:13","modified_gmt":"2025-12-23T21:05:13","slug":"mittwoch-5-august-2026","status":"publish","type":"page","link":"https:\/\/www.lechclassicfestival.com\/en\/programm\/mittwoch-5-august-2026\/","title":{"rendered":"Wednesday, 5 August 2026"},"content":{"rendered":"<div class=\"wp-block-uagb-container uagb-block-a36fe2cf alignfull uagb-is-root-container\"><div class=\"uagb-container-inner-blocks-wrap\">\n<div class=\"wp-block-uagb-advanced-heading uagb-block-86d9f67d\"><p class=\"uagb-heading-text\">Wednesday, 5 August 2026, 5:00 p.m., Lechwelten<\/p><\/div>\n<\/div><\/div>\n\n\n\n<div class=\"wp-block-uagb-container uagb-block-fbcf80de alignfull uagb-is-root-container\"><div class=\"uagb-container-inner-blocks-wrap\">\n<div class=\"wp-block-uagb-advanced-heading uagb-block-fe267757\"><h1 class=\"uagb-heading-text\">Discovering Rossini<br><\/h1><\/div>\n<\/div><\/div>\n\n\n\n<div class=\"wp-block-uagb-container uagb-block-fe62be2c alignfull uagb-is-root-container\"><div class=\"uagb-container-inner-blocks-wrap\">\n<p class=\"has-text-align-center\"><strong>Gioachino Rossini (1792-1868)<br><\/strong>Overture from the opera \"La gazza ladra\"<\/p>\n\n\n\n<p class=\"has-text-align-center\">\u201cTemporale\u201d (Storm Music)<br><strong>Lech Festival Orchestra<\/strong><\/p>\n\n\n\n<p class=\"has-text-align-center\">Cantata for voice and orchestra<br><strong>Margarita Gritskova \u2013 Mezzo-soprano<\/strong><\/p>\n\n\n\n<p class=\"has-text-align-center\">Overture from the opera Guillaume Tell<br><strong>Lech Festival Orchestra<\/strong><\/p>\n\n\n\n<p class=\"has-text-align-center\"><strong>Intermission<\/strong><\/p>\n\n\n\n<p class=\"has-text-align-center\"><strong>Stabat Mater<br><\/strong>Sacred work for soloists, choir and orchestra<br><strong>Sl\u00e1vka Z\u00e1me\u010dn\u00edkov\u00e1 \u2013 Soprano<br>\u0160t\u011bp\u00e1nka Pu\u010d\u00e1lkov\u00e1 \u2013 Mezzo-soprano<br>Pavel Kolgatin \u2013 Tenor<br>Levente P\u00e1ll \u2013 Bass<\/strong><\/p>\n\n\n\n<p class=\"has-text-align-center\"><strong>Members of the Bavarian State Opera Chorus<br>Chorus Master: Christof Heil<\/strong><\/p>\n\n\n\n<p class=\"has-text-align-center\"><strong>Lech Festival Orchestra<br>Musical Direction: Tetsuro Ban<\/strong><\/p>\n<\/div><\/div>\n\n\n\n<div class=\"wp-block-uagb-container uagb-block-9f815f1b alignfull uagb-is-root-container\"><div class=\"uagb-container-inner-blocks-wrap\"><\/div><\/div>","protected":false},"excerpt":{"rendered":"<p>Mittwoch, 5 August 2026&nbsp; | 17:00 UHR | Konzertsaal in den Lechwelten Rossini entdecken Gioachino Rossini (1792-1868)Ouvert\u00fcre aus der Oper \u201eLa gazza ladra\u201c \u201eTemporale\u201c (Gewittermusik) aus der Oper \u201eLa Cenerentola\u201cLech Festival Orchester \u201eGiovanna D\u2019Arco\u201c Kantate f\u00fcr Singstimme und OrchesterMargarita Gritskova \u2013 Mezzosopran Ouvert\u00fcre aus der Oper \u201eGuillaume Tell\u201cLech Festival Orchester Pause Stabat MaterGeistliches Werk f\u00fcr &hellip;<\/p>\n<p class=\"read-more\"> <a class=\"\" href=\"https:\/\/www.lechclassicfestival.com\/en\/programm\/mittwoch-5-august-2026\/\"> <span class=\"screen-reader-text\">Wednesday, 5 August 2026<\/span> Read More &raquo;<\/a><\/p>","protected":false},"author":2,"featured_media":0,"parent":1937,"menu_order":0,"comment_status":"closed","ping_status":"closed","template":"","meta":{"_seopress_robots_primary_cat":"","_seopress_titles_title":"","_seopress_titles_desc":"","_seopress_robots_index":"","_uag_custom_page_level_css":"","site-sidebar-layout":"default","site-content-layout":"","ast-site-content-layout":"default","site-content-style":"default","site-sidebar-style":"default","ast-global-header-display":"","ast-banner-title-visibility":"","ast-main-header-display":"","ast-hfb-above-header-display":"","ast-hfb-below-header-display":"","ast-hfb-mobile-header-display":"","site-post-title":"disabled","ast-breadcrumbs-content":"","ast-featured-img":"","footer-sml-layout":"","theme-transparent-header-meta":"","adv-header-id-meta":"","stick-header-meta":"","header-above-stick-meta":"","header-main-stick-meta":"","header-below-stick-meta":"","astra-migrate-meta-layouts":"set","ast-page-background-enabled":"default","ast-page-background-meta":{"desktop":{"background-color":"","background-image":"","background-repeat":"repeat","background-position":"center center","background-size":"auto","background-attachment":"scroll","background-type":"","background-media":"","overlay-type":"","overlay-color":"","overlay-gradient":""},"tablet":{"background-color":"","background-image":"","background-repeat":"repeat","background-position":"center center","background-size":"auto","background-attachment":"scroll","background-type":"","background-media":"","overlay-type":"","overlay-color":"","overlay-gradient":""},"mobile":{"background-color":"","background-image":"","background-repeat":"repeat","background-position":"center center","background-size":"auto","background-attachment":"scroll","background-type":"","background-media":"","overlay-type":"","overlay-color":"","overlay-gradient":""}},"ast-content-background-meta":{"desktop":{"background-color":"var(--ast-global-color-5)","background-image":"","background-repeat":"repeat","background-position":"center center","background-size":"auto","background-attachment":"scroll","background-type":"","background-media":"","overlay-type":"","overlay-color":"","overlay-gradient":""},"tablet":{"background-color":"var(--ast-global-color-5)","background-image":"","background-repeat":"repeat","background-position":"center center","background-size":"auto","background-attachment":"scroll","background-type":"","background-media":"","overlay-type":"","overlay-color":"","overlay-gradient":""},"mobile":{"background-color":"var(--ast-global-color-5)","background-image":"","background-repeat":"repeat","background-position":"center center","background-size":"auto","background-attachment":"scroll","background-type":"","background-media":"","overlay-type":"","overlay-color":"","overlay-gradient":""}},"iawp_total_views":2840,"footnotes":""},"class_list":["post-1371","page","type-page","status-publish","hentry"],"uagb_featured_image_src":{"full":false,"thumbnail":false,"medium":false,"medium_large":false,"large":false,"1536x1536":false,"2048x2048":false,"trp-custom-language-flag":false},"uagb_author_info":{"display_name":"Marie Jedina","author_link":"https:\/\/www.lechclassicfestival.com\/en\/author\/marie\/"},"uagb_comment_info":0,"uagb_excerpt":"Mittwoch, 5 August 2026&nbsp; | 17:00 UHR | Konzertsaal in den Lechwelten Rossini entdecken Gioachino Rossini (1792-1868)Ouvert\u00fcre aus der Oper \u201eLa gazza ladra\u201c \u201eTemporale\u201c (Gewittermusik) aus der Oper \u201eLa Cenerentola\u201cLech Festival Orchester \u201eGiovanna D\u2019Arco\u201c Kantate f\u00fcr Singstimme und OrchesterMargarita Gritskova \u2013 Mezzosopran Ouvert\u00fcre aus der Oper \u201eGuillaume Tell\u201cLech Festival Orchester Pause Stabat MaterGeistliches Werk f\u00fcr&hellip;","_links":{"self":[{"href":"https:\/\/www.lechclassicfestival.com\/en\/wp-json\/wp\/v2\/pages\/1371","targetHints":{"allow":["GET"]}}],"collection":[{"href":"https:\/\/www.lechclassicfestival.com\/en\/wp-json\/wp\/v2\/pages"}],"about":[{"href":"https:\/\/www.lechclassicfestival.com\/en\/wp-json\/wp\/v2\/types\/page"}],"author":[{"embeddable":true,"href":"https:\/\/www.lechclassicfestival.com\/en\/wp-json\/wp\/v2\/users\/2"}],"replies":[{"embeddable":true,"href":"https:\/\/www.lechclassicfestival.com\/en\/wp-json\/wp\/v2\/comments?post=1371"}],"version-history":[{"count":10,"href":"https:\/\/www.lechclassicfestival.com\/en\/wp-json\/wp\/v2\/pages\/1371\/revisions"}],"predecessor-version":[{"id":4209,"href":"https:\/\/www.lechclassicfestival.com\/en\/wp-json\/wp\/v2\/pages\/1371\/revisions\/4209"}],"up":[{"embeddable":true,"href":"https:\/\/www.lechclassicfestival.com\/en\/wp-json\/wp\/v2\/pages\/1937"}],"wp:attachment":[{"href":"https:\/\/www.lechclassicfestival.com\/en\/wp-json\/wp\/v2\/media?parent=1371"}],"curies":[{"name":"wp","href":"https:\/\/api.w.org\/{rel}","templated":true}]}}